{"id":18,"date":"2024-04-05T09:13:44","date_gmt":"2024-04-05T09:13:44","guid":{"rendered":"https:\/\/supultimate.pl\/?page_id=18"},"modified":"2024-04-05T09:26:08","modified_gmt":"2024-04-05T09:26:08","slug":"strona-glowna","status":"publish","type":"page","link":"https:\/\/supultimate.pl\/","title":{"rendered":"Strona g\u0142\u00f3wna"},"content":{"rendered":"<div class=\"wp-block-image is-style-default\">\n<figure class=\"aligncenter size-full is-resized\"><img loading=\"lazy\" decoding=\"async\" width=\"500\" height=\"183\" src=\"https:\/\/supultimate.pl\/wp-content\/uploads\/2024\/04\/SUP-ultimate-logo.jpg\" alt=\"\" class=\"wp-image-7\" style=\"width:514px;height:auto\" srcset=\"https:\/\/supultimate.pl\/wp-content\/uploads\/2024\/04\/SUP-ultimate-logo.jpg 500w, https:\/\/supultimate.pl\/wp-content\/uploads\/2024\/04\/SUP-ultimate-logo-300x110.jpg 300w\" sizes=\"auto, (max-width: 500px) 100vw, 500px\" \/><\/figure>\n<\/div>\n\n\n<p class=\"has-small-font-size\">SUP ULTIMATE Sp\u00f3\u0142ka Akcyjna z siedzib\u0105 w Toruniu, ul. Gen. J\u00f3zefa Bema 8 lok. 11, 87-100 Toru\u0144, wpisana do Rejestru Przedsi\u0119biorc\u00f3w Krajowego Rejestru S\u0105dowego prowadzonego przez S\u0105d Rejonowy w Toruniu, VII Wydzia\u0142 Gospodarczy KRS, nr KRS 0000659740, NIP 7010658963, kapita\u0142 zak\u0142adowy 100 000 z\u0142 (op\u0142acony w ca\u0142o\u015bci).<\/p>\n\n\n\n<p class=\"has-text-align-right has-extra-small-font-size\"><a href=\"https:\/\/supultimate.pl\/login\/\" target=\"_blank\" rel=\"noreferrer noopener\">Informacje dla akcjonariuszy<\/a><\/p>\n","protected":false},"excerpt":{"rendered":"<p>SUP ULTIMATE Sp\u00f3\u0142ka Akcyjna z siedzib\u0105 w Toruniu, ul. Gen. J\u00f3zefa Bema 8 lok. 11, 87-100 Toru\u0144, wpisana do Rejestru Przedsi\u0119biorc\u00f3w Krajowego Rejestru S\u0105dowego prowadzonego przez S\u0105d Rejonowy w Toruniu, VII Wydzia\u0142 Gospodarczy KRS, nr KRS 0000659740, NIP 7010658963, kapita\u0142 zak\u0142adowy 100 000 z\u0142 (op\u0142acony w ca\u0142o\u015bci). Informacje dla akcjonariuszy<\/p>\n","protected":false},"author":1,"featured_media":0,"parent":0,"menu_order":0,"comment_status":"closed","ping_status":"closed","template":"","meta":{"footnotes":""},"class_list":["post-18","page","type-page","status-publish","hentry","entry"],"_links":{"self":[{"href":"https:\/\/supultimate.pl\/index.php\/wp-json\/wp\/v2\/pages\/18","targetHints":{"allow":["GET"]}}],"collection":[{"href":"https:\/\/supultimate.pl\/index.php\/wp-json\/wp\/v2\/pages"}],"about":[{"href":"https:\/\/supultimate.pl\/index.php\/wp-json\/wp\/v2\/types\/page"}],"author":[{"embeddable":true,"href":"https:\/\/supultimate.pl\/index.php\/wp-json\/wp\/v2\/users\/1"}],"replies":[{"embeddable":true,"href":"https:\/\/supultimate.pl\/index.php\/wp-json\/wp\/v2\/comments?post=18"}],"version-history":[{"count":6,"href":"https:\/\/supultimate.pl\/index.php\/wp-json\/wp\/v2\/pages\/18\/revisions"}],"predecessor-version":[{"id":56,"href":"https:\/\/supultimate.pl\/index.php\/wp-json\/wp\/v2\/pages\/18\/revisions\/56"}],"wp:attachment":[{"href":"https:\/\/supultimate.pl\/index.php\/wp-json\/wp\/v2\/media?parent=18"}],"curies":[{"name":"wp","href":"https:\/\/api.w.org\/{rel}","templated":true}]}}